{"id":5825,"date":"2023-05-18T09:14:55","date_gmt":"2023-05-18T07:14:55","guid":{"rendered":"https:\/\/www.versusprevodi.com\/dienstleistungen\/mtpe\/"},"modified":"2023-08-02T11:39:39","modified_gmt":"2023-08-02T09:39:39","slug":"mtpe","status":"publish","type":"page","link":"https:\/\/www.versusprevodi.com\/de\/dienstleistungen\/mtpe\/","title":{"rendered":"Machine Translation Post-Editing (MTPE)"},"content":{"rendered":"<p><section data-bb-version=\"4.5.5\" id=\"bt_bb_section69e49ae47fe50\" class=\"bt_bb_section bt_bb_layout_boxed_1200 bt_bb_vertical_align_top bt_bb_top_section_coverage_image bt_bb_section_with_top_coverage_image bt_bb_top_spacing_large bt_bb_bottom_spacing_large bt_bb_section_allow_content_outside bt_bb_section_show_left_boxed_content\"  data-bt-override-class=\"null\"><div class=\"bt_bb_port\"><div class=\"bt_bb_cell\"><div class=\"bt_bb_cell_inner\"><div class=\"bt_bb_row \"  data-bt-override-class=\"{}\"><div class=\"bt_bb_row_holder\" ><div  class=\"bt_bb_column col-xl-6 bt_bb_align_left bt_bb_vertical_align_middle bt_bb_animation_fade_in zoom_out animate bt_bb_padding_normal\"  data-width=\"6\" data-bt-override-class=\"{}\"><div class=\"bt_bb_column_content\"><div class=\"bt_bb_separator bt_bb_border_style_none bt_bb_bottom_spacing_medium bt_bb_hidden_sm bt_bb_hidden_md bt_bb_hidden_lg\" data-bt-override-class=\"null\"><\/div><header data-bb-version=\"4.6.0\" class=\"bt_bb_headline bt_bb_subheadline_text_transform_default bt_bb_dash_bottom bt_bb_superheadline bt_bb_superheadline_outside bt_bb_size_large bt_bb_align_inherit\" data-bt-override-class=\"{&quot;bt_bb_size_&quot;:{&quot;current_class&quot;:&quot;bt_bb_size_large&quot;,&quot;def&quot;:&quot;large&quot;},&quot;bt_bb_align_&quot;:{&quot;current_class&quot;:&quot;bt_bb_align_inherit&quot;,&quot;def&quot;:&quot;inherit&quot;}}\"><div class=\"bt_bb_headline_superheadline_outside\"><span class=\"bt_bb_headline_superheadline\">GLOBALE CHANCEN MIT MTPE-SERVICES ERSCHLIE\u00dfEN<\/span><\/div><h1 class=\"bt_bb_headline_tag\"><span class=\"bt_bb_headline_content\"><span>Machine Translation Post-Editing (MTPE)<\/span><\/span><\/h1><\/header><div class=\"bt_bb_separator bt_bb_border_style_none bt_bb_top_spacing_small bt_bb_bottom_spacing_small\" data-bt-override-class=\"null\"><\/div><div class=\" bt_bb_row_inner\"   data-bt-override-class=\"{}\"><div class=\"bt_bb_row_inner_holder\"  ><div  class=\"bt_bb_column_inner col-xl-12 bt_bb_align_left bt_bb_vertical_align_top\"  data-width=\"12\" data-bt-override-class=\"{}\"><div class=\"bt_bb_column_inner_content\"><div  class=\"bt_bb_text\" ><\/p>\n<p>Bei Versus sind wir uns bewusst, dass maschinelle \u00dcbersetzungen ein n\u00fctzliches Werkzeug sein k\u00f6nnen, um gro\u00dfe Textmengen schnell zu \u00fcbersetzen. Allerdings fehlt maschinellen \u00dcbersetzungen oft die Nuance und Genauigkeit einer menschlichen \u00dcbersetzung, was zu unbeholfener oder verwirrender Sprache f\u00fchren kann und Ihrem Unternehmen schaden k\u00f6nnte. Genau hier kommen unsere Dienstleistungen Machine Translation Post-Editing (MTPE) ins Spiel, um Ihre Botschaft entsprechend zu vermitteln.<\/p>\n<p>Unser erfahrenes \u00dcbersetzerteam wird Ihren maschinell \u00fcbersetzten Text \u00fcberpr\u00fcfen und bearbeiten, um sicherzustellen, dass er sich flie\u00dfend und pr\u00e4zise in der Zielsprache lie\u00dft. Zudem f\u00fchren wir Qualit\u00e4tskontrollen durch, um sicherzustellen, dass die \u00dcbersetzung konsistent ist und Ihre beabsichtigte Botschaft korrekt widerspiegelt.<\/p>\n<p>Unsere Nachbearbeitungsdienste sind eine kosteng\u00fcnstige M\u00f6glichkeit, die Qualit\u00e4t Ihres maschinell \u00fcbersetzten Inhalts zu verbessern und sicherzustellen, dass er Ihr Unternehmen auf professionelle und effektive Weise genau repr\u00e4sentiert. Egal, ob Sie die Genauigkeit Ihrer Website, Ihrer Marketingmaterialien oder anderer \u00fcbersetzter Inhalte verbessern m\u00f6chten &#8211; wir k\u00f6nnen Ihnen helfen.<\/p>\n<p><strong>Kontaktieren Sie uns noch heute, um mehr dar\u00fcber zu erfahren, wie unsere Nachbearbeitungsdienste Ihrem Unternehmen zugutekommen k\u00f6nnen. Wir freuen uns auf die Zusammenarbeit mit Ihnen!<\/strong><\/p>\n<p>\n<\/div><div class=\"bt_bb_separator bt_bb_border_style_none bt_bb_bottom_spacing_normal bt_bb_hidden_md bt_bb_hidden_lg\" data-bt-override-class=\"null\"><\/div><\/div><\/div><\/div><\/div><div class=\"bt_bb_separator bt_bb_border_style_none bt_bb_bottom_spacing_normal\" data-bt-override-class=\"null\"><\/div><div data-bb-version=\"4.6.0\" class=\"bt_bb_button bt_bb_color_scheme_6 bt_bb_icon_position_left bt_bb_style_filled bt_bb_size_normal bt_bb_width_inline bt_bb_shape_inherit bt_bb_target_self bt_bb_text_transform_inherit bt_bb_align_inherit bt_bb_hidden_xs bt_bb_hidden_ms\" style=\"; --primary-color:#ffffff; --secondary-color:#9bd111;\" data-bt-override-class=\"{&quot;bt_bb_size_&quot;:{&quot;current_class&quot;:&quot;bt_bb_size_normal&quot;,&quot;def&quot;:&quot;normal&quot;},&quot;bt_bb_align_&quot;:{&quot;current_class&quot;:&quot;bt_bb_align_inherit&quot;,&quot;def&quot;:&quot;inherit&quot;}}\"><a href=\"mailto:info@versusprevodi.com\" target=\"_self\" class=\"bt_bb_link\" title=\"JETZT KONTAKTIEREN!\"><span class=\"bt_bb_button_text\" >JETZT KONTAKTIEREN!<\/span><\/a><\/div><div class=\"bt_bb_separator bt_bb_border_style_none bt_bb_bottom_spacing_medium bt_bb_hidden_sm bt_bb_hidden_md bt_bb_hidden_lg\" data-bt-override-class=\"null\"><\/div><\/div><\/div><div  class=\"bt_bb_column col-xl-6 bt_bb_align_left bt_bb_vertical_align_top bt_bb_animation_fade_in move_left animate bt_bb_padding_normal\"  data-width=\"6\" data-bt-override-class=\"{}\"><div class=\"bt_bb_column_content\"><div data-bb-version=\"4.5.6\" class=\"bt_bb_image bt_bb_shape_square bt_bb_target_self bt_bb_align_inherit bt_bb_hover_style_simple bt_bb_content_display_always bt_bb_content_align_middle bt_bb_fill_background_color_full\" data-bt-override-class=\"{&quot;bt_bb_align_&quot;:{&quot;current_class&quot;:&quot;bt_bb_align_inherit&quot;,&quot;def&quot;:&quot;inherit&quot;}}\"><span><img fetchpriority=\"high\" decoding=\"async\" width=\"768\" height=\"752\" src=\"https:\/\/www.versusprevodi.com\/wp-content\/uploads\/2023\/06\/mtpe-services.webp\" class=\"attachment-full size-full\" alt=\"MTPE Services\" data-full_image_src=\"https:\/\/www.versusprevodi.com\/wp-content\/uploads\/2023\/06\/mtpe-services.webp\" title=\"mtpe-services\" loading=\"eager\" srcset=\"https:\/\/www.versusprevodi.com\/wp-content\/uploads\/2023\/06\/mtpe-services.webp 768w, https:\/\/www.versusprevodi.com\/wp-content\/uploads\/2023\/06\/mtpe-services-640x627.webp 640w, https:\/\/www.versusprevodi.com\/wp-content\/uploads\/2023\/06\/mtpe-services-320x313.webp 320w\" sizes=\"(max-width: 768px) 100vw, 768px\" \/><\/span><\/div><div class=\"bt_bb_separator bt_bb_border_style_none bt_bb_bottom_spacing_medium bt_bb_hidden_sm bt_bb_hidden_md bt_bb_hidden_lg\" data-bt-override-class=\"null\"><\/div><\/div><\/div><\/div><\/div><\/div><!-- cell_inner --><\/div><!-- cell --><\/div><!-- port --><div class=\"bt_bb_section_top_section_coverage_image\"><img decoding=\"async\" src=\"https:\/\/www.versusprevodi.com\/wp-content\/uploads\/2019\/04\/bgn-top-2.png\" alt=\"bt_bb_section_top_section_coverage_image\" \/><\/div><\/section><section data-bb-version=\"4.5.5\" id=\"bt_bb_section69e49ae481110\" class=\"bt_bb_section bt_bb_layout_boxed_1200 bt_bb_vertical_align_top bt_bb_background_overlay_light_solid bt_bb_top_spacing_large bt_bb_bottom_spacing_large\"  data-bt-override-class=\"null\"><div class=\"bt_bb_background_image_holder_wrapper\"><div class=\"bt_bb_background_image_holder btLazyLoadBackground bt_bb_parallax\"  data-background_image_src=\"https:\/\/www.versusprevodi.com\/wp-content\/uploads\/2023\/05\/postediting-visual-block-2.jpg\" data-parallax=\"0.8\" data-parallax-offset=\"0\" data-parallax-zoom-start=\"1\" data-parallax-zoom-end=\"1\" data-parallax-blur-start=\"0\" data-parallax-blur-end=\"0\" data-parallax-opacity-start=\"1\" data-parallax-opacity-end=\"1\" style=\" background-image: url(&#039;https:\/\/www.versusprevodi.com\/wp-content\/plugins\/bold-page-builder\/img\/blank.gif&#039;);\"><\/div><\/div><div class=\"bt_bb_port\"><div class=\"bt_bb_cell\"><div class=\"bt_bb_cell_inner\"><div class=\"bt_bb_row \"  data-bt-override-class=\"{}\"><div class=\"bt_bb_row_holder\" ><div  class=\"bt_bb_column col-xl-12 bt_bb_align_center bt_bb_vertical_align_top bt_bb_animation_fade_in zoom_out animate bt_bb_padding_normal\"  data-width=\"12\" data-bt-override-class=\"{}\"><div class=\"bt_bb_column_content\"><header data-bb-version=\"4.6.0\" class=\"bt_bb_headline bt_bb_subheadline_text_transform_default bt_bb_dash_none bt_bb_superheadline bt_bb_superheadline_outside bt_bb_size_small bt_bb_align_inherit\" data-bt-override-class=\"{&quot;bt_bb_size_&quot;:{&quot;current_class&quot;:&quot;bt_bb_size_small&quot;,&quot;def&quot;:&quot;small&quot;},&quot;bt_bb_align_&quot;:{&quot;current_class&quot;:&quot;bt_bb_align_inherit&quot;,&quot;def&quot;:&quot;inherit&quot;}}\"><div class=\"bt_bb_headline_superheadline_outside\"><span class=\"bt_bb_headline_superheadline\">DIE PERFEKTE MISCHUNG AUS MASCHINELLER EFFIZIENZ UND MENSCHLICHEM FEINGEF\u00dcHL <\/span><\/div><h3 class=\"bt_bb_headline_tag\"><span class=\"bt_bb_headline_content\"><span>Erleben Sie die beispiellose Genauigkeit und Geschwindigkeit unserer MTPE-Services,<br \/><br \/>\ndie darauf ausgelegt sind, Ihre \u00dcbersetzungen auf die n\u00e4chste Stufe zu heben!<\/p><br \/>\n<p><\/span><\/span><\/h3><\/header><div class=\"bt_bb_separator bt_bb_border_style_none bt_bb_bottom_spacing_normal\" data-bt-override-class=\"null\"><\/div><div data-bb-version=\"4.5.5\" class=\" bt_bb_row_inner\"   data-bt-override-class=\"{}\"><div class=\"bt_bb_row_inner_holder\"  ><div  class=\"bt_bb_column_inner col-xl-1 bt_bb_align_left bt_bb_vertical_align_top\"  data-width=\"1\" data-bt-override-class=\"{}\"><div class=\"bt_bb_column_inner_content\"><\/div><\/div><div  class=\"bt_bb_column_inner col-xl-10 bt_bb_align_left bt_bb_vertical_align_top\"  data-width=\"10\" data-bt-override-class=\"{}\"><div class=\"bt_bb_column_inner_content\"><div data-bb-version=\"4.5.5\"  class=\"bt_bb_text\" ><\/p>\n<p>MTPE ist ein Prozess, bei dem eine maschinelle \u00dcbersetzung zun\u00e4chst erstellt und anschlie\u00dfend von einem menschlichen \u00dcbersetzer \u00fcberpr\u00fcft und bearbeitet wird, um sicherzustellen, dass das Ergebnis genau, flie\u00dfend und kulturell angemessen ist. Dieser Prozess tr\u00e4gt zur Steigerung der Effizienz, zur Kostensenkung und zur Beschleunigung der Lieferzeit bei, w\u00e4hrend die Qualit\u00e4t der endg\u00fcltigen \u00dcbersetzung erhalten bleibt.<\/p>\n<p>MTPE-Services eignen sich ideal f\u00fcr folgende Anwendungsbereiche:<\/p>\n<p style=\"text-align: left;\"><span style=\"color: #9bd111;\">\u00a0 \u25cf<\/span> Gro\u00dfe Textmengen mit knappen Fristen, wobei Genauigkeit und Qualit\u00e4t gew\u00e4hrleistet werden m\u00fcssen.<\/p>\n<p style=\"text-align: left;\"><span style=\"color: #9bd111;\">\u00a0 \u25cf<\/span> Unternehmen, die in Branchen mit technischen oder fachsprachlichen Anforderungen wie Recht, Medizin, Technik und Finanzen t\u00e4tig sind.<\/p>\n<p style=\"text-align: left;\"><span style=\"color: #9bd111;\">\u00a0 \u25cf<\/span> F\u00fcr Unternehmen, die Inhalte in mehrere Sprachen \u00fcbersetzen m\u00fcssen, da dies eine kosteng\u00fcnstige M\u00f6glichkeit ist, \u00dcbersetzungen in kurzer Zeit zu produzieren.<\/p>\n<p>Durch die Nutzung unserer MTPE-Services profitieren unsere Kunden von einer Vielzahl an Vorteilen, wie zum Beispiel schnelleren Bearbeitungszeiten, reduzierten Kosten und verbesserter \u00dcbersetzungsqualit\u00e4t.<\/p>\n<p>\n<\/div><\/div><\/div><div  class=\"bt_bb_column_inner col-xl-1 bt_bb_align_left bt_bb_vertical_align_top\"  data-width=\"1\" data-bt-override-class=\"{}\"><div class=\"bt_bb_column_inner_content\"><\/div><\/div><\/div><\/div><div class=\"bt_bb_separator bt_bb_border_style_none bt_bb_bottom_spacing_normal\" data-bt-override-class=\"null\"><\/div><div data-bb-version=\"4.6.0\" class=\"bt_bb_button bt_bb_color_scheme_6 bt_bb_icon_position_left bt_bb_style_filled bt_bb_size_normal bt_bb_width_inline bt_bb_shape_inherit bt_bb_target_self bt_bb_text_transform_inherit bt_bb_align_inherit\" style=\"; --primary-color:#ffffff; --secondary-color:#9bd111;\" data-bt-override-class=\"{&quot;bt_bb_size_&quot;:{&quot;current_class&quot;:&quot;bt_bb_size_normal&quot;,&quot;def&quot;:&quot;normal&quot;},&quot;bt_bb_align_&quot;:{&quot;current_class&quot;:&quot;bt_bb_align_inherit&quot;,&quot;def&quot;:&quot;inherit&quot;}}\"><a href=\"mailto:info@versusprevodi.com\" target=\"_self\" class=\"bt_bb_link\" title=\"KONTAKT\"><span class=\"bt_bb_button_text\" >KONTAKT<\/span><\/a><\/div><\/div><\/div><\/div><\/div><\/div><!-- cell_inner --><\/div><!-- cell --><\/div><!-- port --><\/section><section data-bb-version=\"4.5.5\" id=\"oblasti-prevodjenja\" class=\"bt_bb_section bt_bb_layout_boxed_1600 bt_bb_vertical_align_top bt_bb_top_spacing_large bt_bb_bottom_spacing_large\"  data-bt-override-class=\"null\"><div class=\"bt_bb_port\"><div class=\"bt_bb_cell\"><div class=\"bt_bb_cell_inner\"><div class=\"bt_bb_row \"  data-bt-override-class=\"{}\"><div class=\"bt_bb_row_holder\" ><div  class=\"bt_bb_column col-xl-2 bt_bb_align_left bt_bb_vertical_align_top bt_bb_padding_normal\"  data-width=\"2\" data-bt-override-class=\"{}\"><div class=\"bt_bb_column_content\"><\/div><\/div><div  class=\"bt_bb_column col-xl-8 bt_bb_align_center bt_bb_vertical_align_top bt_bb_animation_fade_in animate bt_bb_padding_normal\"  data-width=\"8\" data-bt-override-class=\"{}\"><div class=\"bt_bb_column_content\"><header data-bb-version=\"4.6.0\" class=\"bt_bb_headline bt_bb_subheadline_text_transform_default bt_bb_dash_none bt_bb_subheadline bt_bb_size_large bt_bb_align_inherit\" data-bt-override-class=\"{&quot;bt_bb_size_&quot;:{&quot;current_class&quot;:&quot;bt_bb_size_large&quot;,&quot;def&quot;:&quot;large&quot;,&quot;sm&quot;:&quot;small&quot;,&quot;xs&quot;:&quot;small&quot;},&quot;bt_bb_align_&quot;:{&quot;current_class&quot;:&quot;bt_bb_align_inherit&quot;,&quot;def&quot;:&quot;inherit&quot;}}\"><h2 class=\"bt_bb_headline_tag\"><span class=\"bt_bb_headline_content\"><span><b>Spezialisierte Bereiche von Machine Translation Post-Editing (MTPE)<\/b><\/span><\/span><\/h2><div class=\"bt_bb_headline_subheadline\">Unser Unternehmen bietet <b>MTPE-L\u00f6sungen<\/b>, die Ihnen dabei helfen k\u00f6nnen, Sprachbarrieren zu \u00fcberwinden und Ihre Reichweite in verschiedenen Bereichen zu erweitern:<\/div><\/header><div class=\"bt_bb_separator bt_bb_border_style_none bt_bb_bottom_spacing_normal\" data-bt-override-class=\"null\"><\/div><\/div><\/div><div  class=\"bt_bb_column col-xl-2 bt_bb_align_left bt_bb_vertical_align_top bt_bb_padding_normal\"  data-width=\"2\" data-bt-override-class=\"{}\"><div class=\"bt_bb_column_content\"><\/div><\/div><\/div><\/div><div class=\"bt_bb_row \"  data-bt-override-class=\"{}\"><div class=\"bt_bb_row_holder\" ><div id=\"oblastiprev\" class=\"bt_bb_column col-xl-12 bt_bb_align_center bt_bb_vertical_align_top bt_bb_animation_fade_in animate bt_bb_padding_normal\"  data-width=\"12\" data-bt-override-class=\"{}\"><div class=\"bt_bb_column_content\"><div data-bb-version=\"4.6.0\" class=\"bt_bb_masonry_portfolio_tiles bt_bb_grid_container bt_bb_columns_6 bt_bb_gap_normal bt_bb_look_gradient_bgn\" data-columns=\"6\"><div class=\"bt_bb_masonry_portfolio_tiles_content bt_bb_masonry_post_grid_content bt_bb_grid_hide\" data-bt-nonce=\"57d5175dc8\" data-number-portfolio=\"9\" data-format-portfolio=\"21,11,11,21,11,11,21,21\" data-category-portfolio=\"\"  data-post-type=\"portfolio\" data-show-portfolio=\"a%3A2%3A%7Bs%3A7%3A%22excerpt%22%3Bb%3A0%3Bs%3A5%3A%22title%22%3Bb%3A1%3B%7D\"><div class=\"bt_bb_grid_sizer\"><\/div><\/div><div class=\"bt_bb_post_grid_loader\"><span class=\"box1\"><\/span><span class=\"box2\"><\/span><span class=\"box3\"><\/span><span class=\"box4\"><\/span><span class=\"box5\"><\/span><\/div><\/div><\/div><\/div><\/div><\/div><\/div><!-- cell_inner --><\/div><!-- cell --><\/div><!-- port --><\/section><\/p>\n","protected":false},"excerpt":{"rendered":"","protected":false},"author":4,"featured_media":0,"parent":5817,"menu_order":0,"comment_status":"closed","ping_status":"closed","template":"","meta":{"footnotes":""},"class_list":["post-5825","page","type-page","status-publish","hentry"],"yoast_head":"<!-- This site is optimized with the Yoast SEO plugin v27.4 - https:\/\/yoast.com\/product\/yoast-seo-wordpress\/ -->\n<title>Machine Translation Post-Editing (MTPE) Services - Versus<\/title>\n<meta name=\"description\" content=\"Transform your business with our comprehensive MTPE services. Discover the power of our MTPE solutions and elevate your content to new heights.\" \/>\n<meta name=\"robots\" content=\"index, follow, max-snippet:-1, max-image-preview:large, max-video-preview:-1\" \/>\n<link rel=\"canonical\" href=\"https:\/\/www.versusprevodi.com\/de\/dienstleistungen\/mtpe\/\" \/>\n<meta property=\"og:locale\" content=\"de_DE\" \/>\n<meta property=\"og:type\" content=\"article\" \/>\n<meta property=\"og:title\" content=\"Machine Translation Post-Editing (MTPE) Services - Versus\" \/>\n<meta property=\"og:description\" content=\"Transform your business with our comprehensive MTPE services. Discover the power of our MTPE solutions and elevate your content to new heights.\" \/>\n<meta property=\"og:url\" content=\"https:\/\/www.versusprevodi.com\/de\/dienstleistungen\/mtpe\/\" \/>\n<meta property=\"og:site_name\" content=\"Versus\" \/>\n<meta property=\"article:modified_time\" content=\"2023-08-02T09:39:39+00:00\" \/>\n<meta name=\"twitter:card\" content=\"summary_large_image\" \/>\n<meta name=\"twitter:label1\" content=\"Gesch\u00e4tzte Lesezeit\" \/>\n\t<meta name=\"twitter:data1\" content=\"9\u00a0Minuten\" \/>\n<script type=\"application\/ld+json\" class=\"yoast-schema-graph\">{\"@context\":\"https:\\\/\\\/schema.org\",\"@graph\":[{\"@type\":\"WebPage\",\"@id\":\"https:\\\/\\\/www.versusprevodi.com\\\/de\\\/dienstleistungen\\\/mtpe\\\/\",\"url\":\"https:\\\/\\\/www.versusprevodi.com\\\/de\\\/dienstleistungen\\\/mtpe\\\/\",\"name\":\"Machine Translation Post-Editing (MTPE) Services - Versus\",\"isPartOf\":{\"@id\":\"https:\\\/\\\/www.versusprevodi.com\\\/#website\"},\"datePublished\":\"2023-05-18T07:14:55+00:00\",\"dateModified\":\"2023-08-02T09:39:39+00:00\",\"description\":\"Transform your business with our comprehensive MTPE services. Discover the power of our MTPE solutions and elevate your content to new heights.\",\"breadcrumb\":{\"@id\":\"https:\\\/\\\/www.versusprevodi.com\\\/de\\\/dienstleistungen\\\/mtpe\\\/#breadcrumb\"},\"inLanguage\":\"de\",\"potentialAction\":[{\"@type\":\"ReadAction\",\"target\":[\"https:\\\/\\\/www.versusprevodi.com\\\/de\\\/dienstleistungen\\\/mtpe\\\/\"]}]},{\"@type\":\"BreadcrumbList\",\"@id\":\"https:\\\/\\\/www.versusprevodi.com\\\/de\\\/dienstleistungen\\\/mtpe\\\/#breadcrumb\",\"itemListElement\":[{\"@type\":\"ListItem\",\"position\":1,\"name\":\"Po\u010detna\",\"item\":\"https:\\\/\\\/www.versusprevodi.com\\\/de\\\/\"},{\"@type\":\"ListItem\",\"position\":2,\"name\":\"Dienstleistungen\",\"item\":\"https:\\\/\\\/www.versusprevodi.com\\\/de\\\/dienstleistungen\\\/\"},{\"@type\":\"ListItem\",\"position\":3,\"name\":\"Machine Translation Post-Editing (MTPE)\"}]},{\"@type\":\"WebSite\",\"@id\":\"https:\\\/\\\/www.versusprevodi.com\\\/#website\",\"url\":\"https:\\\/\\\/www.versusprevodi.com\\\/\",\"name\":\"Versus\",\"description\":\"\",\"publisher\":{\"@id\":\"https:\\\/\\\/www.versusprevodi.com\\\/#organization\"},\"potentialAction\":[{\"@type\":\"SearchAction\",\"target\":{\"@type\":\"EntryPoint\",\"urlTemplate\":\"https:\\\/\\\/www.versusprevodi.com\\\/?s={search_term_string}\"},\"query-input\":{\"@type\":\"PropertyValueSpecification\",\"valueRequired\":true,\"valueName\":\"search_term_string\"}}],\"inLanguage\":\"de\"},{\"@type\":\"Organization\",\"@id\":\"https:\\\/\\\/www.versusprevodi.com\\\/#organization\",\"name\":\"Versus Prevodi\",\"url\":\"https:\\\/\\\/www.versusprevodi.com\\\/\",\"logo\":{\"@type\":\"ImageObject\",\"inLanguage\":\"de\",\"@id\":\"https:\\\/\\\/www.versusprevodi.com\\\/#\\\/schema\\\/logo\\\/image\\\/\",\"url\":\"https:\\\/\\\/www.versusprevodi.com\\\/wp-content\\\/uploads\\\/2020\\\/10\\\/logo-1.png\",\"contentUrl\":\"https:\\\/\\\/www.versusprevodi.com\\\/wp-content\\\/uploads\\\/2020\\\/10\\\/logo-1.png\",\"width\":300,\"height\":140,\"caption\":\"Versus Prevodi\"},\"image\":{\"@id\":\"https:\\\/\\\/www.versusprevodi.com\\\/#\\\/schema\\\/logo\\\/image\\\/\"}}]}<\/script>\n<!-- \/ Yoast SEO plugin. -->","yoast_head_json":{"title":"Machine Translation Post-Editing (MTPE) Services - Versus","description":"Transform your business with our comprehensive MTPE services. Discover the power of our MTPE solutions and elevate your content to new heights.","robots":{"index":"index","follow":"follow","max-snippet":"max-snippet:-1","max-image-preview":"max-image-preview:large","max-video-preview":"max-video-preview:-1"},"canonical":"https:\/\/www.versusprevodi.com\/de\/dienstleistungen\/mtpe\/","og_locale":"de_DE","og_type":"article","og_title":"Machine Translation Post-Editing (MTPE) Services - Versus","og_description":"Transform your business with our comprehensive MTPE services. Discover the power of our MTPE solutions and elevate your content to new heights.","og_url":"https:\/\/www.versusprevodi.com\/de\/dienstleistungen\/mtpe\/","og_site_name":"Versus","article_modified_time":"2023-08-02T09:39:39+00:00","twitter_card":"summary_large_image","twitter_misc":{"Gesch\u00e4tzte Lesezeit":"9\u00a0Minuten"},"schema":{"@context":"https:\/\/schema.org","@graph":[{"@type":"WebPage","@id":"https:\/\/www.versusprevodi.com\/de\/dienstleistungen\/mtpe\/","url":"https:\/\/www.versusprevodi.com\/de\/dienstleistungen\/mtpe\/","name":"Machine Translation Post-Editing (MTPE) Services - Versus","isPartOf":{"@id":"https:\/\/www.versusprevodi.com\/#website"},"datePublished":"2023-05-18T07:14:55+00:00","dateModified":"2023-08-02T09:39:39+00:00","description":"Transform your business with our comprehensive MTPE services. Discover the power of our MTPE solutions and elevate your content to new heights.","breadcrumb":{"@id":"https:\/\/www.versusprevodi.com\/de\/dienstleistungen\/mtpe\/#breadcrumb"},"inLanguage":"de","potentialAction":[{"@type":"ReadAction","target":["https:\/\/www.versusprevodi.com\/de\/dienstleistungen\/mtpe\/"]}]},{"@type":"BreadcrumbList","@id":"https:\/\/www.versusprevodi.com\/de\/dienstleistungen\/mtpe\/#breadcrumb","itemListElement":[{"@type":"ListItem","position":1,"name":"Po\u010detna","item":"https:\/\/www.versusprevodi.com\/de\/"},{"@type":"ListItem","position":2,"name":"Dienstleistungen","item":"https:\/\/www.versusprevodi.com\/de\/dienstleistungen\/"},{"@type":"ListItem","position":3,"name":"Machine Translation Post-Editing (MTPE)"}]},{"@type":"WebSite","@id":"https:\/\/www.versusprevodi.com\/#website","url":"https:\/\/www.versusprevodi.com\/","name":"Versus","description":"","publisher":{"@id":"https:\/\/www.versusprevodi.com\/#organization"},"potentialAction":[{"@type":"SearchAction","target":{"@type":"EntryPoint","urlTemplate":"https:\/\/www.versusprevodi.com\/?s={search_term_string}"},"query-input":{"@type":"PropertyValueSpecification","valueRequired":true,"valueName":"search_term_string"}}],"inLanguage":"de"},{"@type":"Organization","@id":"https:\/\/www.versusprevodi.com\/#organization","name":"Versus Prevodi","url":"https:\/\/www.versusprevodi.com\/","logo":{"@type":"ImageObject","inLanguage":"de","@id":"https:\/\/www.versusprevodi.com\/#\/schema\/logo\/image\/","url":"https:\/\/www.versusprevodi.com\/wp-content\/uploads\/2020\/10\/logo-1.png","contentUrl":"https:\/\/www.versusprevodi.com\/wp-content\/uploads\/2020\/10\/logo-1.png","width":300,"height":140,"caption":"Versus Prevodi"},"image":{"@id":"https:\/\/www.versusprevodi.com\/#\/schema\/logo\/image\/"}}]}},"_links":{"self":[{"href":"https:\/\/www.versusprevodi.com\/de\/wp-json\/wp\/v2\/pages\/5825","targetHints":{"allow":["GET"]}}],"collection":[{"href":"https:\/\/www.versusprevodi.com\/de\/wp-json\/wp\/v2\/pages"}],"about":[{"href":"https:\/\/www.versusprevodi.com\/de\/wp-json\/wp\/v2\/types\/page"}],"author":[{"embeddable":true,"href":"https:\/\/www.versusprevodi.com\/de\/wp-json\/wp\/v2\/users\/4"}],"replies":[{"embeddable":true,"href":"https:\/\/www.versusprevodi.com\/de\/wp-json\/wp\/v2\/comments?post=5825"}],"version-history":[{"count":1,"href":"https:\/\/www.versusprevodi.com\/de\/wp-json\/wp\/v2\/pages\/5825\/revisions"}],"predecessor-version":[{"id":5893,"href":"https:\/\/www.versusprevodi.com\/de\/wp-json\/wp\/v2\/pages\/5825\/revisions\/5893"}],"up":[{"embeddable":true,"href":"https:\/\/www.versusprevodi.com\/de\/wp-json\/wp\/v2\/pages\/5817"}],"wp:attachment":[{"href":"https:\/\/www.versusprevodi.com\/de\/wp-json\/wp\/v2\/media?parent=5825"}],"curies":[{"name":"wp","href":"https:\/\/api.w.org\/{rel}","templated":true}]}}